{"id":5058,"date":"2026-02-27T09:06:34","date_gmt":"2026-02-27T09:06:34","guid":{"rendered":"https:\/\/szentgyorgyi.bszc.hu\/site\/?page_id=5058"},"modified":"2026-02-27T09:06:34","modified_gmt":"2026-02-27T09:06:34","slug":"kepzesi-programok","status":"publish","type":"page","link":"https:\/\/szentgyorgyi.bszc.hu\/site\/kepzesi-programok\/","title":{"rendered":"K\u00e9pz\u00e9si programok"},"content":{"rendered":"<div class=\"wpb-content-wrapper\"><p>[vc_row][vc_column][vc_column_text css=&#8221;&#8221;]<a href=\"https:\/\/szentgyorgyi.bszc.hu\/site\/wp-content\/uploads\/2026\/02\/BSZC_SzentGyorgyi_Egeszsegugy_Kepzesi-program_2023_24.pdf\">Eg\u00e9szs\u00e9g\u00fcgy 2023-2024<\/a><br \/>\n<a href=\"https:\/\/szentgyorgyi.bszc.hu\/site\/wp-content\/uploads\/2026\/02\/BSZC_SzentGyorgyi_Egeszsegugy_Kepzesi-program_2024_25.pdf\">Eg\u00e9szs\u00e9g\u00fcgy 2024-2025<\/a><br \/>\n<a href=\"https:\/\/szentgyorgyi.bszc.hu\/site\/wp-content\/uploads\/2026\/02\/BSZC_SzentGyorgyi_Egeszsegugy_Kepzesi-program_2025_26.pdf\">Eg\u00e9szs\u00e9g\u00fcgy 2025-2026<\/a><br \/>\n<a href=\"https:\/\/szentgyorgyi.bszc.hu\/site\/wp-content\/uploads\/2026\/02\/BSZC_SzentGyorgyi_Szocialis-agazat_Kepzesi-program_2024_25.pdf\">Szoci\u00e1lis \u00e1gazat 2024-2025<\/a><br \/>\n<a href=\"https:\/\/szentgyorgyi.bszc.hu\/site\/wp-content\/uploads\/2026\/02\/BSZC_SzentGyorgyi_Nyomdaipari-technikus-Kepzesi-programok-2025_26.pdf\">Nyomdaipari technikus 2025-2026<\/a>[\/vc_column_text][\/vc_column][\/vc_row]<\/p>\n<\/div>","protected":false},"excerpt":{"rendered":"<p>[vc_row][vc_column][vc_column_text css=&#8221;&#8221;]Eg\u00e9szs\u00e9g\u00fcgy 2023-2024 Eg\u00e9szs\u00e9g\u00fcgy 2024-2025 Eg\u00e9szs\u00e9g\u00fcgy 2025-2026 Szoci\u00e1lis \u00e1gazat 2024-2025 Nyomdaipari technikus 2025-2026[\/vc_column_text][\/vc_column][\/vc_row]<\/p>\n","protected":false},"author":3,"featured_media":0,"parent":0,"menu_order":0,"comment_status":"closed","ping_status":"closed","template":"","meta":{"footnotes":""},"class_list":["post-5058","page","type-page","status-publish","hentry","description-off"],"rttpg_featured_image_url":null,"rttpg_author":{"display_name":"rgz","author_link":"https:\/\/szentgyorgyi.bszc.hu\/site\/author\/rgz\/"},"rttpg_comment":0,"rttpg_category":null,"rttpg_excerpt":"[vc_row][vc_column][vc_column_text css=&#8221;&#8221;]Eg\u00e9szs\u00e9g\u00fcgy 2023-2024 Eg\u00e9szs\u00e9g\u00fcgy 2024-2025 Eg\u00e9szs\u00e9g\u00fcgy 2025-2026 Szoci\u00e1lis \u00e1gazat 2024-2025 Nyomdaipari technikus 2025-2026[\/vc_column_text][\/vc_column][\/vc_row]","_links":{"self":[{"href":"https:\/\/szentgyorgyi.bszc.hu\/site\/wp-json\/wp\/v2\/pages\/5058","targetHints":{"allow":["GET"]}}],"collection":[{"href":"https:\/\/szentgyorgyi.bszc.hu\/site\/wp-json\/wp\/v2\/pages"}],"about":[{"href":"https:\/\/szentgyorgyi.bszc.hu\/site\/wp-json\/wp\/v2\/types\/page"}],"author":[{"embeddable":true,"href":"https:\/\/szentgyorgyi.bszc.hu\/site\/wp-json\/wp\/v2\/users\/3"}],"replies":[{"embeddable":true,"href":"https:\/\/szentgyorgyi.bszc.hu\/site\/wp-json\/wp\/v2\/comments?post=5058"}],"version-history":[{"count":1,"href":"https:\/\/szentgyorgyi.bszc.hu\/site\/wp-json\/wp\/v2\/pages\/5058\/revisions"}],"predecessor-version":[{"id":5059,"href":"https:\/\/szentgyorgyi.bszc.hu\/site\/wp-json\/wp\/v2\/pages\/5058\/revisions\/5059"}],"wp:attachment":[{"href":"https:\/\/szentgyorgyi.bszc.hu\/site\/wp-json\/wp\/v2\/media?parent=5058"}],"curies":[{"name":"wp","href":"https:\/\/api.w.org\/{rel}","templated":true}]}}