{"id":3183,"date":"2021-11-08T11:08:50","date_gmt":"2021-11-08T11:08:50","guid":{"rendered":"http:\/\/szentgyorgyi.bszc.hu\/site\/?page_id=3183"},"modified":"2021-11-08T22:31:36","modified_gmt":"2021-11-08T22:31:36","slug":"2021-november-30-i-nyilt-nap-reszveteli-regisztracio","status":"publish","type":"page","link":"https:\/\/szentgyorgyi.bszc.hu\/site\/2021-november-30-i-nyilt-nap-reszveteli-regisztracio\/","title":{"rendered":"2021. november 30-i ny\u00edlt nap r\u00e9szv\u00e9teli regisztr\u00e1ci\u00f3"},"content":{"rendered":"<div class=\"wpb-content-wrapper\"><p>[vc_row][vc_column][vc_column_text]<div class=\"wpforms-container wpforms-container-full\" id=\"wpforms-3190\"><form id=\"wpforms-form-3190\" class=\"wpforms-validate wpforms-form wpforms-ajax-form\" data-formid=\"3190\" method=\"post\" enctype=\"multipart\/form-data\" action=\"\/site\/wp-json\/wp\/v2\/pages\/3183\" data-token=\"b976b0075ee1851cd343d67e88259b5b\" data-token-time=\"1777804749\"><noscript class=\"wpforms-error-noscript\">Please enable JavaScript in your browser to complete this form.<\/noscript><div class=\"wpforms-field-container\"><div id=\"wpforms-3190-field_1-container\" class=\"wpforms-field wpforms-field-name\" data-field-id=\"1\"><label class=\"wpforms-field-label\" for=\"wpforms-3190-field_1\">N\u00e9v <span class=\"wpforms-required-label\">*<\/span><\/label><input type=\"text\" id=\"wpforms-3190-field_1\" class=\"wpforms-field-medium wpforms-field-required\" name=\"wpforms[fields][1]\" required><\/div><div id=\"wpforms-3190-field_3-container\" class=\"wpforms-field wpforms-field-email\" data-field-id=\"3\"><label class=\"wpforms-field-label\" for=\"wpforms-3190-field_3\">Email <span class=\"wpforms-required-label\">*<\/span><\/label><input type=\"email\" id=\"wpforms-3190-field_3\" class=\"wpforms-field-medium wpforms-field-required\" name=\"wpforms[fields][3]\" spellcheck=\"false\" required><\/div><div id=\"wpforms-3190-field_19-container\" class=\"wpforms-field wpforms-field-checkbox\" data-field-id=\"19\"><label class=\"wpforms-field-label\">Eg\u00e9szs\u00e9g\u00fcgy<\/label><ul id=\"wpforms-3190-field_19\"><li class=\"choice-1 depth-1\"><input type=\"checkbox\" id=\"wpforms-3190-field_19_1\" name=\"wpforms[fields][19][]\" value=\"\u00c1ltal\u00e1nos \u00e1pol\u00f3\"  ><label class=\"wpforms-field-label-inline\" for=\"wpforms-3190-field_19_1\">\u00c1ltal\u00e1nos \u00e1pol\u00f3<\/label><\/li><li class=\"choice-2 depth-1\"><input type=\"checkbox\" id=\"wpforms-3190-field_19_2\" name=\"wpforms[fields][19][]\" value=\"Gyakorl\u00f3 \u00e1pol\u00f3\"  ><label class=\"wpforms-field-label-inline\" for=\"wpforms-3190-field_19_2\">Gyakorl\u00f3 \u00e1pol\u00f3<\/label><\/li><\/ul><\/div><div id=\"wpforms-3190-field_6-container\" class=\"wpforms-field wpforms-field-checkbox\" data-field-id=\"6\"><label class=\"wpforms-field-label\">Nyomdaipar<\/label><ul id=\"wpforms-3190-field_6\"><li class=\"choice-1 depth-1\"><input type=\"checkbox\" id=\"wpforms-3190-field_6_1\" name=\"wpforms[fields][6][]\" value=\"3 \u00e9ves nyomd\u00e1sz\"  ><label class=\"wpforms-field-label-inline\" for=\"wpforms-3190-field_6_1\">3 \u00e9ves nyomd\u00e1sz<\/label><\/li><li class=\"choice-2 depth-1\"><input type=\"checkbox\" id=\"wpforms-3190-field_6_2\" name=\"wpforms[fields][6][]\" value=\"5 \u00e9ves nyomdaipari technikus\"  ><label class=\"wpforms-field-label-inline\" for=\"wpforms-3190-field_6_2\">5 \u00e9ves nyomdaipari technikus<\/label><\/li><\/ul><\/div><div id=\"wpforms-3190-field_5-container\" class=\"wpforms-field wpforms-field-checkbox\" data-field-id=\"5\"><label class=\"wpforms-field-label\">M\u0171v\u00e9szet<\/label><ul id=\"wpforms-3190-field_5\"><li class=\"choice-1 depth-1\"><input type=\"checkbox\" id=\"wpforms-3190-field_5_1\" name=\"wpforms[fields][5][]\" value=\"Divat-, jelmez- \u00e9s d\u00edszlettervez\u0151\"  ><label class=\"wpforms-field-label-inline\" for=\"wpforms-3190-field_5_1\">Divat-, jelmez- \u00e9s d\u00edszlettervez\u0151<\/label><\/li><li class=\"choice-2 depth-1\"><input type=\"checkbox\" id=\"wpforms-3190-field_5_2\" name=\"wpforms[fields][5][]\" value=\"Grafikus\"  ><label class=\"wpforms-field-label-inline\" for=\"wpforms-3190-field_5_2\">Grafikus<\/label><\/li><li class=\"choice-3 depth-1\"><input type=\"checkbox\" id=\"wpforms-3190-field_5_3\" name=\"wpforms[fields][5][]\" value=\"Fotogr\u00e1fus (m\u0171v\u00e9szi)\"  ><label class=\"wpforms-field-label-inline\" for=\"wpforms-3190-field_5_3\">Fotogr\u00e1fus (m\u0171v\u00e9szi)<\/label><\/li><\/ul><\/div><div id=\"wpforms-3190-field_7-container\" class=\"wpforms-field wpforms-field-checkbox\" data-field-id=\"7\"><label class=\"wpforms-field-label\">Sportedz\u0151<\/label><ul id=\"wpforms-3190-field_7\"><li class=\"choice-4 depth-1\"><input type=\"checkbox\" id=\"wpforms-3190-field_7_4\" name=\"wpforms[fields][7][]\" value=\"r\u00f6plabda, atl\u00e9tika, kick-box, \u00fasz\u00e1s, v\u00edv\u00e1s\"  ><label class=\"wpforms-field-label-inline\" for=\"wpforms-3190-field_7_4\">r\u00f6plabda, atl\u00e9tika, kick-box, \u00fasz\u00e1s, v\u00edv\u00e1s<\/label><\/li><\/ul><\/div><div id=\"wpforms-3190-field_20-container\" class=\"wpforms-field wpforms-field-checkbox\" data-field-id=\"20\"><label class=\"wpforms-field-label\">Rend\u00e9szet \u00e9s k\u00f6zszolg\u00e1lat<\/label><ul id=\"wpforms-3190-field_20\"><li class=\"choice-1 depth-1\"><input type=\"checkbox\" id=\"wpforms-3190-field_20_1\" name=\"wpforms[fields][20][]\" value=\" \"  ><label class=\"wpforms-field-label-inline\" for=\"wpforms-3190-field_20_1\">Choice 1<\/label><\/li><\/ul><\/div><div id=\"wpforms-3190-field_21-container\" class=\"wpforms-field wpforms-field-checkbox\" data-field-id=\"21\"><label class=\"wpforms-field-label\">Szoci\u00e1lis<\/label><ul id=\"wpforms-3190-field_21\"><li class=\"choice-1 depth-1\"><input type=\"checkbox\" id=\"wpforms-3190-field_21_1\" name=\"wpforms[fields][21][]\" value=\"Kisgyermekgondoz\u00f3, -nevel\u0151\"  ><label class=\"wpforms-field-label-inline\" for=\"wpforms-3190-field_21_1\">Kisgyermekgondoz\u00f3, -nevel\u0151<\/label><\/li><\/ul><\/div><\/div><!-- .wpforms-field-container --><div class=\"wpforms-submit-container\" ><input type=\"hidden\" name=\"wpforms[id]\" value=\"3190\"><input type=\"hidden\" name=\"page_title\" value=\"\"><input type=\"hidden\" name=\"page_url\" value=\"https:\/\/szentgyorgyi.bszc.hu\/site\/wp-json\/wp\/v2\/pages\/3183\"><input type=\"hidden\" name=\"url_referer\" value=\"\"><button type=\"submit\" name=\"wpforms[submit]\" id=\"wpforms-submit-3190\" class=\"wpforms-submit\" data-alt-text=\"K\u00fcld\u00e9s...\" data-submit-text=\"Regisztr\u00e1ci\u00f3\" aria-live=\"assertive\" value=\"wpforms-submit\">Regisztr\u00e1ci\u00f3<\/button><img loading=\"lazy\" decoding=\"async\" src=\"https:\/\/szentgyorgyi.bszc.hu\/site\/wp-content\/plugins\/wpforms-lite\/assets\/images\/submit-spin.svg\" class=\"wpforms-submit-spinner\" style=\"display: none;\" width=\"26\" height=\"26\" alt=\"Loading\"><\/div><\/form><\/div>  <!-- .wpforms-container -->[\/vc_column_text][\/vc_column][\/vc_row]<\/p>\n<\/div>","protected":false},"excerpt":{"rendered":"<p>[vc_row][vc_column][vc_column_text][\/vc_column_text][\/vc_column][\/vc_row]<\/p>\n","protected":false},"author":1,"featured_media":0,"parent":0,"menu_order":0,"comment_status":"closed","ping_status":"closed","template":"","meta":{"footnotes":""},"class_list":["post-3183","page","type-page","status-publish","hentry","description-off"],"rttpg_featured_image_url":null,"rttpg_author":{"display_name":"admin","author_link":"https:\/\/szentgyorgyi.bszc.hu\/site\/author\/admin\/"},"rttpg_comment":0,"rttpg_category":null,"rttpg_excerpt":"[vc_row][vc_column][vc_column_text][\/vc_column_text][\/vc_column][\/vc_row]","_links":{"self":[{"href":"https:\/\/szentgyorgyi.bszc.hu\/site\/wp-json\/wp\/v2\/pages\/3183","targetHints":{"allow":["GET"]}}],"collection":[{"href":"https:\/\/szentgyorgyi.bszc.hu\/site\/wp-json\/wp\/v2\/pages"}],"about":[{"href":"https:\/\/szentgyorgyi.bszc.hu\/site\/wp-json\/wp\/v2\/types\/page"}],"author":[{"embeddable":true,"href":"https:\/\/szentgyorgyi.bszc.hu\/site\/wp-json\/wp\/v2\/users\/1"}],"replies":[{"embeddable":true,"href":"https:\/\/szentgyorgyi.bszc.hu\/site\/wp-json\/wp\/v2\/comments?post=3183"}],"version-history":[{"count":5,"href":"https:\/\/szentgyorgyi.bszc.hu\/site\/wp-json\/wp\/v2\/pages\/3183\/revisions"}],"predecessor-version":[{"id":3192,"href":"https:\/\/szentgyorgyi.bszc.hu\/site\/wp-json\/wp\/v2\/pages\/3183\/revisions\/3192"}],"wp:attachment":[{"href":"https:\/\/szentgyorgyi.bszc.hu\/site\/wp-json\/wp\/v2\/media?parent=3183"}],"curies":[{"name":"wp","href":"https:\/\/api.w.org\/{rel}","templated":true}]}}