{"id":2059,"date":"2020-01-16T21:13:53","date_gmt":"2020-01-16T21:13:53","guid":{"rendered":"https:\/\/tkomlosi.hu\/szentgyorgyi\/?page_id=2059"},"modified":"2020-01-16T21:13:53","modified_gmt":"2020-01-16T21:13:53","slug":"erasmus","status":"publish","type":"page","link":"https:\/\/szentgyorgyi.bszc.hu\/site\/erasmus\/","title":{"rendered":"Erasmus+"},"content":{"rendered":"<div class=\"wpb-content-wrapper\"><p>[vc_row][vc_column]<style type=\"text\/css\" data-type=\"the7_shortcodes-inline-css\">.blog-shortcode.blog-list-shortcode-id-62ed91d41e54db0a9e136a9fd4720367.dividers-on.classic-layout-list article {\n  margin-top: 50px;\n  padding-top: 0;\n}\n.blog-shortcode.blog-list-shortcode-id-62ed91d41e54db0a9e136a9fd4720367.dividers-on.classic-layout-list article:first-of-type {\n  margin-top: 0;\n  padding-top: 0;\n}\n.blog-shortcode.blog-list-shortcode-id-62ed91d41e54db0a9e136a9fd4720367.classic-layout-list.mode-list .post-thumbnail-wrap {\n  width: 50%;\n}\n.blog-shortcode.blog-list-shortcode-id-62ed91d41e54db0a9e136a9fd4720367.classic-layout-list.mode-list .post-entry-content {\n  width: calc(100% - 50%);\n}\n.blog-shortcode.blog-list-shortcode-id-62ed91d41e54db0a9e136a9fd4720367.classic-layout-list.mode-list .no-img .post-entry-content {\n  width: 100%;\n}\n.blog-shortcode.blog-list-shortcode-id-62ed91d41e54db0a9e136a9fd4720367 .filter-bg-decoration .filter-categories a.act {\n  color: #fff;\n}\n.blog-shortcode.blog-list-shortcode-id-62ed91d41e54db0a9e136a9fd4720367:not(.mode-masonry) article {\n  margin-top: 50px;\n}\n.blog-shortcode.blog-list-shortcode-id-62ed91d41e54db0a9e136a9fd4720367:not(.mode-masonry) article:first-of-type,\n.blog-shortcode.blog-list-shortcode-id-62ed91d41e54db0a9e136a9fd4720367:not(.mode-masonry) article.visible.first:not(.product) {\n  margin-top: 0;\n}\n.blog-shortcode.blog-list-shortcode-id-62ed91d41e54db0a9e136a9fd4720367.dividers-on:not(.mode-masonry) article {\n  margin-top: 0;\n  padding-top: 50px;\n}\n.blog-shortcode.blog-list-shortcode-id-62ed91d41e54db0a9e136a9fd4720367.dividers-on:not(.mode-masonry) article:first-of-type,\n.blog-shortcode.blog-list-shortcode-id-62ed91d41e54db0a9e136a9fd4720367.dividers-on:not(.mode-masonry) article.visible.first:not(.product) {\n  margin-top: 0;\n  padding-top: 0;\n}\n.blog-shortcode.blog-list-shortcode-id-62ed91d41e54db0a9e136a9fd4720367 .post-thumbnail-wrap {\n  padding: 0px 0px 0px 0px;\n}\n.blog-shortcode.blog-list-shortcode-id-62ed91d41e54db0a9e136a9fd4720367.enable-bg-rollover .post-thumbnail-rollover:after {\n  background: -webkit-linear-gradient();\n  background: linear-gradient();\n}\n.blog-shortcode.blog-list-shortcode-id-62ed91d41e54db0a9e136a9fd4720367 .gallery-zoom-ico {\n  width: 44px;\n  height: 44px;\n  line-height: 44px;\n  border-radius: 100px;\n  margin: -22px 0 0 -22px;\n  border-width: 0px;\n  color: #ffffff;\n}\n.bottom-overlap-layout-list.blog-shortcode.blog-list-shortcode-id-62ed91d41e54db0a9e136a9fd4720367 .gallery-zoom-ico {\n  margin-top: -22px;\n}\n.gradient-overlay-layout-list.blog-shortcode.blog-list-shortcode-id-62ed91d41e54db0a9e136a9fd4720367 .gallery-zoom-ico,\n.content-rollover-layout-list.blog-shortcode.blog-list-shortcode-id-62ed91d41e54db0a9e136a9fd4720367 .gallery-zoom-ico {\n  margin: 0 0 10px;\n}\n.content-align-center.gradient-overlay-layout-list.blog-shortcode.blog-list-shortcode-id-62ed91d41e54db0a9e136a9fd4720367 .gallery-zoom-ico,\n.content-align-center.content-rollover-layout-list.blog-shortcode.blog-list-shortcode-id-62ed91d41e54db0a9e136a9fd4720367 .gallery-zoom-ico {\n  margin: 0 auto 10px;\n}\n.dt-icon-bg-on.blog-shortcode.blog-list-shortcode-id-62ed91d41e54db0a9e136a9fd4720367 .gallery-zoom-ico {\n  background: rgba(255,255,255,0.3);\n  box-shadow: none;\n}\n.blog-shortcode.blog-list-shortcode-id-62ed91d41e54db0a9e136a9fd4720367 .gallery-zoom-ico > span,\n.blog-shortcode.blog-list-shortcode-id-62ed91d41e54db0a9e136a9fd4720367 .gallery-zoom-ico:before {\n  font-size: 32px;\n  line-height: 44px;\n}\n.blog-shortcode.blog-list-shortcode-id-62ed91d41e54db0a9e136a9fd4720367 .gallery-zoom-ico > span,\n.blog-shortcode.blog-list-shortcode-id-62ed91d41e54db0a9e136a9fd4720367 .gallery-zoom-ico:before {\n  color: #ffffff;\n}\n.blog-shortcode.blog-list-shortcode-id-62ed91d41e54db0a9e136a9fd4720367 .fancy-date a {\n  background: #ffffff;\n  box-shadow: none;\n}\n.blog-shortcode.blog-list-shortcode-id-62ed91d41e54db0a9e136a9fd4720367 .fancy-date a * {\n  color: #2d2d2d;\n}\n.blog-shortcode.blog-list-shortcode-id-62ed91d41e54db0a9e136a9fd4720367 .entry-title,\n.blog-shortcode.blog-list-shortcode-id-62ed91d41e54db0a9e136a9fd4720367.owl-carousel .entry-title {\n  margin-bottom: 5px;\n  font-weight: bold;\n}\n.blog-shortcode.blog-list-shortcode-id-62ed91d41e54db0a9e136a9fd4720367 .entry-meta {\n  margin-bottom: 15px;\n}\n.blog-shortcode.blog-list-shortcode-id-62ed91d41e54db0a9e136a9fd4720367 .portfolio-categories {\n  margin-bottom: 15px;\n}\n.blog-shortcode.blog-list-shortcode-id-62ed91d41e54db0a9e136a9fd4720367 .entry-excerpt {\n  margin-bottom: 5px;\n}\n.blog-shortcode.blog-list-shortcode-id-62ed91d41e54db0a9e136a9fd4720367:not(.centered-layout-list) .post-entry-content {\n  padding: 25px 30px 30px 30px;\n}\n.blog-shortcode.blog-list-shortcode-id-62ed91d41e54db0a9e136a9fd4720367:not(.centered-layout-list):not(.content-bg-on):not(.mode-list) .no-img .post-entry-content {\n  padding: 0;\n}\n@media screen and (max-width: 768px) {\n  .blog-shortcode.blog-list-shortcode-id-62ed91d41e54db0a9e136a9fd4720367 article {\n    -ms-flex-flow: column nowrap;\n    flex-flow: column nowrap;\n    margin-top: 20px;\n  }\n  .blog-shortcode.blog-list-shortcode-id-62ed91d41e54db0a9e136a9fd4720367.dividers-on article {\n    border: none;\n  }\n  .blog-shortcode.blog-list-shortcode-id-62ed91d41e54db0a9e136a9fd4720367.content-bg-on.centered-layout-list article {\n    padding: 0;\n  }\n  .blog-shortcode.blog-list-shortcode-id-62ed91d41e54db0a9e136a9fd4720367.blog-shortcode.dividers-on article,\n  .blog-shortcode.blog-list-shortcode-id-62ed91d41e54db0a9e136a9fd4720367.dividers-on.classic-layout-list article {\n    margin-top: 20px;\n    padding: 0;\n  }\n  .blog-shortcode.blog-list-shortcode-id-62ed91d41e54db0a9e136a9fd4720367.blog-shortcode.dividers-on article:first-of-type,\n  .blog-shortcode.blog-list-shortcode-id-62ed91d41e54db0a9e136a9fd4720367.dividers-on.classic-layout-list article:first-of-type {\n    padding: 0;\n  }\n  #page .blog-shortcode.blog-list-shortcode-id-62ed91d41e54db0a9e136a9fd4720367 .post-thumbnail-wrap,\n  #page .blog-shortcode.blog-list-shortcode-id-62ed91d41e54db0a9e136a9fd4720367 .post-entry-content {\n    width: 100%;\n    margin: 0;\n    top: 0;\n  }\n  #page .blog-shortcode.blog-list-shortcode-id-62ed91d41e54db0a9e136a9fd4720367 .post-thumbnail-wrap {\n    padding: 0;\n  }\n  #page .blog-shortcode.blog-list-shortcode-id-62ed91d41e54db0a9e136a9fd4720367 .post-entry-content:after {\n    display: none;\n  }\n  #page .blog-shortcode.blog-list-shortcode-id-62ed91d41e54db0a9e136a9fd4720367 .project-even .post-thumbnail-wrap,\n  #page .blog-shortcode.blog-list-shortcode-id-62ed91d41e54db0a9e136a9fd4720367.centered-layout-list .post-thumbnail-wrap {\n    -ms-flex-order: 0;\n    order: 0;\n  }\n  #page .blog-shortcode.blog-list-shortcode-id-62ed91d41e54db0a9e136a9fd4720367.centered-layout-list .post-entry-title-content {\n    -ms-flex-order: 1;\n    order: 1;\n    width: 100%;\n    padding: 20px 20px 0;\n  }\n  #page .blog-shortcode.blog-list-shortcode-id-62ed91d41e54db0a9e136a9fd4720367.centered-layout-list .post-entry-content {\n    -ms-flex-order: 2;\n    order: 2;\n    padding-top: 0;\n  }\n  #page .blog-shortcode.blog-list-shortcode-id-62ed91d41e54db0a9e136a9fd4720367 .fancy-categories {\n    top: 10px;\n    left: 10px;\n    bottom: auto;\n    right: auto;\n  }\n  #page .blog-shortcode.blog-list-shortcode-id-62ed91d41e54db0a9e136a9fd4720367 .fancy-date a {\n    top: 10px;\n    right: 10px;\n    left: auto;\n    bottom: auto;\n  }\n  #page .blog-shortcode.blog-list-shortcode-id-62ed91d41e54db0a9e136a9fd4720367 .post-entry-content {\n    padding: 20px;\n  }\n  #page .blog-shortcode.blog-list-shortcode-id-62ed91d41e54db0a9e136a9fd4720367 .entry-title {\n    margin: 3px 0 5px;\n    font-size: 20px;\n    line-height: 26px;\n  }\n  #page .blog-shortcode.blog-list-shortcode-id-62ed91d41e54db0a9e136a9fd4720367 .entry-meta {\n    margin: 5px 0 5px;\n  }\n  #page .blog-shortcode.blog-list-shortcode-id-62ed91d41e54db0a9e136a9fd4720367 .entry-excerpt {\n    margin: 15px 0 0;\n  }\n  #page .blog-shortcode.blog-list-shortcode-id-62ed91d41e54db0a9e136a9fd4720367 .post-details {\n    margin: 5px 0 10px;\n  }\n  #page .blog-shortcode.blog-list-shortcode-id-62ed91d41e54db0a9e136a9fd4720367 .post-details.details-type-link {\n    margin-bottom: 2px;\n  }\n}\n<\/style><div class=\"articles-list blog-shortcode mode-list blog-list-shortcode-id-62ed91d41e54db0a9e136a9fd4720367 classic-layout-list content-bg-on jquery-filter scale-img dt-icon-bg-off loading-effect-fade-in\" data-cur-page=\"1\" data-post-limit=\"-1\" data-pagination-mode=\"none\"><article class=\"post project-odd visible no-img post-1850 type-post status-publish format-standard hentry category-erasmus-altalanos category-117 description-off\" data-name=\"\u00c1pol\u00e1s hat\u00e1rok n\u00e9lk\u00fcl 2019\" data-date=\"2019-05-15T06:25:04+00:00\">\n\n<div class=\"post-entry-content\">\n\n\t<h3 class=\"entry-title\">\n\t\t<a href=\"https:\/\/szentgyorgyi.bszc.hu\/site\/2019\/05\/15\/apolas-hatarok-nelkul-2019\/\" title=\"\u00c1pol\u00e1s hat\u00e1rok n\u00e9lk\u00fcl 2019\" rel=\"bookmark\">\u00c1pol\u00e1s hat\u00e1rok n\u00e9lk\u00fcl 2019<\/a>\n\t<\/h3>\n\n\t<div class=\"entry-meta\"><a href=\"https:\/\/szentgyorgyi.bszc.hu\/site\/2019\/05\/15\/\" title=\"06:25\" class=\"data-link\" rel=\"bookmark\"><time class=\"entry-date updated\" datetime=\"2019-05-15T06:25:04+00:00\">2019.05.15.<\/time><\/a><\/div>\n\t<div class=\"entry-excerpt\"><p>&Ouml;r&ouml;mmel &eacute;rtes&uuml;lt&uuml;nk, hogy a 2019-1-HU01-KA102-060415 sz&aacute;m&uacute; &bdquo;&Aacute;pol&aacute;s hat&aacute;rok n&eacute;lk&uuml;l&rdquo; c&iacute;m\u0171 Erasmus p&aacute;ly&aacute;zatunk ism&eacute;t nyert. Ennek keret&eacute;ben tanul&oacute;i mobilit&aacute;st val&oacute;s&iacute;tunk meg a 2019 &eacute;s 2021 k&ouml;z&ouml;tti id\u0151szakban. A projekt az Eur&oacute;pai Uni&oacute; Erasmus+ programj&aacute;nak keret&eacute;ben a Tempus K&ouml;zalap&iacute;tv&aacute;ny t&aacute;mogat&aacute;s&aacute;val val&oacute;sul meg. A tanul&oacute;i mobilit&aacute;sban n&eacute;gy kiutaz&aacute;s tervez&uuml;nk M&aacute;lt&aacute;ra &eacute;s Finnorsz&aacute;gba &ouml;t-&ouml;t f\u0151vel, &aacute;pol&oacute;, csecsem\u0151 &eacute;s gyermek&aacute;pol&oacute;&hellip;<\/p>\n<\/div>\n\t\n<a href=\"https:\/\/szentgyorgyi.bszc.hu\/site\/2019\/05\/15\/apolas-hatarok-nelkul-2019\/\" class=\"post-details details-type-link\" aria-label=\"Read more about \u00c1pol\u00e1s hat\u00e1rok n\u00e9lk\u00fcl 2019\">Tov\u00e1bb<i class=\"dt-icon-the7-arrow-03\" aria-hidden=\"true\"><\/i><\/a>\n\n<\/div><\/article><article class=\"post project-odd visible no-img post-1524 type-post status-publish format-standard hentry category-erasmus-altalanos category-117 description-off\" data-name=\"SZEGY\u00c1S DI\u00c1KOK FINNORSZ\u00c1GI KALANDJA\" data-date=\"2017-09-29T07:53:38+00:00\">\n\n<div class=\"post-entry-content\">\n\n\t<h3 class=\"entry-title\">\n\t\t<a href=\"https:\/\/szentgyorgyi.bszc.hu\/site\/2017\/09\/29\/szegyas-diakok-finnorszagi-kalandja\/\" title=\"SZEGY\u00c1S DI\u00c1KOK FINNORSZ\u00c1GI KALANDJA\" rel=\"bookmark\">SZEGY\u00c1S DI\u00c1KOK FINNORSZ\u00c1GI KALANDJA<\/a>\n\t<\/h3>\n\n\t<div class=\"entry-meta\"><a href=\"https:\/\/szentgyorgyi.bszc.hu\/site\/2017\/09\/29\/\" title=\"07:53\" class=\"data-link\" rel=\"bookmark\"><time class=\"entry-date updated\" datetime=\"2017-09-29T07:53:38+00:00\">2017.09.29.<\/time><\/a><\/div>\n\t<div class=\"entry-excerpt\"><p>Az Erasmus+ program lehet\u0151v&eacute; tette, hogy az Eg&eacute;szs&eacute;g&uuml;gy &aacute;gazatban &eacute;s a Gyakorl&oacute; &aacute;pol&oacute; szakk&eacute;pz&eacute;sben tanul&oacute; di&aacute;kok r&eacute;szt vegyenek egy 1 h&oacute;napos k&uuml;lf&ouml;ldi szakmai gyakorlaton. 2017 augusztus 26-&aacute;n a finnorsz&aacute;gi Porvoo v&aacute;ros&aacute;ba utazott el 4 Szent-Gy&ouml;rgyis di&aacute;k; Fodor D&oacute;ra, Krista Mariann, Orosz Nikolett &eacute;s Varga Nikolett.<\/p>\n<\/div>\n\t\n<a href=\"https:\/\/szentgyorgyi.bszc.hu\/site\/2017\/09\/29\/szegyas-diakok-finnorszagi-kalandja\/\" class=\"post-details details-type-link\" aria-label=\"Read more about SZEGY\u00c1S DI\u00c1KOK FINNORSZ\u00c1GI KALANDJA\">Tov\u00e1bb<i class=\"dt-icon-the7-arrow-03\" aria-hidden=\"true\"><\/i><\/a>\n\n<\/div><\/article><article class=\"post project-odd visible no-img post-1400 type-post status-publish format-standard hentry category-erasmus-altalanos category-117 description-off\" data-name=\"Finnorsz\u00e1gi szakmai gyakorlat Guly\u00e1s Edina munkanapl\u00f3ja\" data-date=\"2017-01-12T21:23:06+00:00\">\n\n<div class=\"post-entry-content\">\n\n\t<h3 class=\"entry-title\">\n\t\t<a href=\"https:\/\/szentgyorgyi.bszc.hu\/site\/2017\/01\/12\/finnorszagi-szakmai-gyakorlat-gulyas-edina-munkanaplo\/\" title=\"Finnorsz\u00e1gi szakmai gyakorlat Guly\u00e1s Edina munkanapl\u00f3ja\" rel=\"bookmark\">Finnorsz\u00e1gi szakmai gyakorlat Guly\u00e1s Edina munkanapl\u00f3ja<\/a>\n\t<\/h3>\n\n\t<div class=\"entry-meta\"><a href=\"https:\/\/szentgyorgyi.bszc.hu\/site\/2017\/01\/12\/\" title=\"21:23\" class=\"data-link\" rel=\"bookmark\"><time class=\"entry-date updated\" datetime=\"2017-01-12T21:23:06+00:00\">2017.01.12.<\/time><\/a><\/div>\n\t<div class=\"entry-excerpt\"><p>Gyakorlati hely bemutat&aacute;sa A gyakorlati hely Porvoo v&aacute;ros sz&eacute;l&eacute;n tal&aacute;lhat&oacute;, a V&aacute;rosi K&oacute;rh&aacute;zhoz k&ouml;zel, egy meredek &uacute;t vezet fel hozz&aacute;, &eacute;s az eg&eacute;sz int&eacute;zm&eacute;nyt egy hossz&uacute; ker&iacute;t&eacute;s veszi k&ouml;r&uuml;l. Az otthonban 60 id\u0151s embert gondoznak. N&eacute;gy sz&aacute;rnyra van elk&uuml;l&ouml;n&iacute;tve a k&eacute;tszintes &eacute;p&uuml;let, egy szinten&nbsp; 2-2 sz&aacute;rny, melyben 15-15 id\u0151s &eacute;l. A dolgoz&oacute;k h&aacute;rom m\u0171szakban dolgoznak,&hellip;<\/p>\n<\/div>\n\t\n<a href=\"https:\/\/szentgyorgyi.bszc.hu\/site\/2017\/01\/12\/finnorszagi-szakmai-gyakorlat-gulyas-edina-munkanaplo\/\" class=\"post-details details-type-link\" aria-label=\"Read more about Finnorsz\u00e1gi szakmai gyakorlat Guly\u00e1s Edina munkanapl\u00f3ja\">Tov\u00e1bb<i class=\"dt-icon-the7-arrow-03\" aria-hidden=\"true\"><\/i><\/a>\n\n<\/div><\/article><\/div>[\/vc_column][\/vc_row]<\/p>\n<\/div>","protected":false},"excerpt":{"rendered":"<p>[vc_row][vc_column][\/vc_column][\/vc_row]<\/p>\n","protected":false},"author":1,"featured_media":0,"parent":0,"menu_order":0,"comment_status":"closed","ping_status":"closed","template":"","meta":{"footnotes":""},"class_list":["post-2059","page","type-page","status-publish","hentry","description-off"],"rttpg_featured_image_url":null,"rttpg_author":{"display_name":"admin","author_link":"https:\/\/szentgyorgyi.bszc.hu\/site\/author\/admin\/"},"rttpg_comment":0,"rttpg_category":null,"rttpg_excerpt":"[vc_row][vc_column][\/vc_column][\/vc_row]","_links":{"self":[{"href":"https:\/\/szentgyorgyi.bszc.hu\/site\/wp-json\/wp\/v2\/pages\/2059","targetHints":{"allow":["GET"]}}],"collection":[{"href":"https:\/\/szentgyorgyi.bszc.hu\/site\/wp-json\/wp\/v2\/pages"}],"about":[{"href":"https:\/\/szentgyorgyi.bszc.hu\/site\/wp-json\/wp\/v2\/types\/page"}],"author":[{"embeddable":true,"href":"https:\/\/szentgyorgyi.bszc.hu\/site\/wp-json\/wp\/v2\/users\/1"}],"replies":[{"embeddable":true,"href":"https:\/\/szentgyorgyi.bszc.hu\/site\/wp-json\/wp\/v2\/comments?post=2059"}],"version-history":[{"count":2,"href":"https:\/\/szentgyorgyi.bszc.hu\/site\/wp-json\/wp\/v2\/pages\/2059\/revisions"}],"predecessor-version":[{"id":2223,"href":"https:\/\/szentgyorgyi.bszc.hu\/site\/wp-json\/wp\/v2\/pages\/2059\/revisions\/2223"}],"wp:attachment":[{"href":"https:\/\/szentgyorgyi.bszc.hu\/site\/wp-json\/wp\/v2\/media?parent=2059"}],"curies":[{"name":"wp","href":"https:\/\/api.w.org\/{rel}","templated":true}]}}