{"id":2046,"date":"2020-01-16T20:56:03","date_gmt":"2020-01-16T20:56:03","guid":{"rendered":"https:\/\/tkomlosi.hu\/szentgyorgyi\/?page_id=2046"},"modified":"2020-01-16T20:56:03","modified_gmt":"2020-01-16T20:56:03","slug":"kulonos-kozzetetel","status":"publish","type":"page","link":"https:\/\/szentgyorgyi.bszc.hu\/site\/kulonos-kozzetetel\/","title":{"rendered":"K\u00fcl\u00f6n\u00f6s k\u00f6zz\u00e9t\u00e9tel"},"content":{"rendered":"<div class=\"wpb-content-wrapper\"><p>[vc_row][vc_column]<style type=\"text\/css\" data-type=\"the7_shortcodes-inline-css\">.blog-shortcode.blog-list-shortcode-id-b2908faa4a4c4134a30ddc5dbb76bce4.dividers-on.classic-layout-list article {\n  margin-top: 15px;\n  padding-top: 0;\n}\n.blog-shortcode.blog-list-shortcode-id-b2908faa4a4c4134a30ddc5dbb76bce4.dividers-on.classic-layout-list article:first-of-type {\n  margin-top: 0;\n  padding-top: 0;\n}\n.blog-shortcode.blog-list-shortcode-id-b2908faa4a4c4134a30ddc5dbb76bce4.classic-layout-list.mode-list .post-thumbnail-wrap {\n  width: 50%;\n}\n.blog-shortcode.blog-list-shortcode-id-b2908faa4a4c4134a30ddc5dbb76bce4.classic-layout-list.mode-list .post-entry-content {\n  width: calc(100% - 50%);\n}\n.blog-shortcode.blog-list-shortcode-id-b2908faa4a4c4134a30ddc5dbb76bce4.classic-layout-list.mode-list .no-img .post-entry-content {\n  width: 100%;\n}\n.blog-shortcode.blog-list-shortcode-id-b2908faa4a4c4134a30ddc5dbb76bce4 .filter-bg-decoration .filter-categories a.act {\n  color: #fff;\n}\n.blog-shortcode.blog-list-shortcode-id-b2908faa4a4c4134a30ddc5dbb76bce4:not(.mode-masonry) article {\n  margin-top: 15px;\n}\n.blog-shortcode.blog-list-shortcode-id-b2908faa4a4c4134a30ddc5dbb76bce4:not(.mode-masonry) article:first-of-type,\n.blog-shortcode.blog-list-shortcode-id-b2908faa4a4c4134a30ddc5dbb76bce4:not(.mode-masonry) article.visible.first:not(.product) {\n  margin-top: 0;\n}\n.blog-shortcode.blog-list-shortcode-id-b2908faa4a4c4134a30ddc5dbb76bce4.dividers-on:not(.mode-masonry) article {\n  margin-top: 0;\n  padding-top: 15px;\n}\n.blog-shortcode.blog-list-shortcode-id-b2908faa4a4c4134a30ddc5dbb76bce4.dividers-on:not(.mode-masonry) article:first-of-type,\n.blog-shortcode.blog-list-shortcode-id-b2908faa4a4c4134a30ddc5dbb76bce4.dividers-on:not(.mode-masonry) article.visible.first:not(.product) {\n  margin-top: 0;\n  padding-top: 0;\n}\n.blog-shortcode.blog-list-shortcode-id-b2908faa4a4c4134a30ddc5dbb76bce4 .post-thumbnail-wrap {\n  padding: 0px 0px 0px 0px;\n}\n.blog-shortcode.blog-list-shortcode-id-b2908faa4a4c4134a30ddc5dbb76bce4.enable-bg-rollover .post-thumbnail-rollover:after {\n  background: -webkit-linear-gradient();\n  background: linear-gradient();\n}\n.blog-shortcode.blog-list-shortcode-id-b2908faa4a4c4134a30ddc5dbb76bce4 .gallery-zoom-ico {\n  width: 44px;\n  height: 44px;\n  line-height: 44px;\n  border-radius: 100px;\n  margin: -22px 0 0 -22px;\n  border-width: 0px;\n  color: #ffffff;\n}\n.bottom-overlap-layout-list.blog-shortcode.blog-list-shortcode-id-b2908faa4a4c4134a30ddc5dbb76bce4 .gallery-zoom-ico {\n  margin-top: -22px;\n}\n.gradient-overlay-layout-list.blog-shortcode.blog-list-shortcode-id-b2908faa4a4c4134a30ddc5dbb76bce4 .gallery-zoom-ico,\n.content-rollover-layout-list.blog-shortcode.blog-list-shortcode-id-b2908faa4a4c4134a30ddc5dbb76bce4 .gallery-zoom-ico {\n  margin: 0 0 10px;\n}\n.content-align-center.gradient-overlay-layout-list.blog-shortcode.blog-list-shortcode-id-b2908faa4a4c4134a30ddc5dbb76bce4 .gallery-zoom-ico,\n.content-align-center.content-rollover-layout-list.blog-shortcode.blog-list-shortcode-id-b2908faa4a4c4134a30ddc5dbb76bce4 .gallery-zoom-ico {\n  margin: 0 auto 10px;\n}\n.dt-icon-bg-on.blog-shortcode.blog-list-shortcode-id-b2908faa4a4c4134a30ddc5dbb76bce4 .gallery-zoom-ico {\n  background: rgba(255,255,255,0.3);\n  box-shadow: none;\n}\n.blog-shortcode.blog-list-shortcode-id-b2908faa4a4c4134a30ddc5dbb76bce4 .gallery-zoom-ico > span,\n.blog-shortcode.blog-list-shortcode-id-b2908faa4a4c4134a30ddc5dbb76bce4 .gallery-zoom-ico:before {\n  font-size: 32px;\n  line-height: 44px;\n}\n.blog-shortcode.blog-list-shortcode-id-b2908faa4a4c4134a30ddc5dbb76bce4 .gallery-zoom-ico > span,\n.blog-shortcode.blog-list-shortcode-id-b2908faa4a4c4134a30ddc5dbb76bce4 .gallery-zoom-ico:before {\n  color: #ffffff;\n}\n.blog-shortcode.blog-list-shortcode-id-b2908faa4a4c4134a30ddc5dbb76bce4 .fancy-date a {\n  background: #ffffff;\n  box-shadow: none;\n}\n.blog-shortcode.blog-list-shortcode-id-b2908faa4a4c4134a30ddc5dbb76bce4 .fancy-date a * {\n  color: #2d2d2d;\n}\n.blog-shortcode.blog-list-shortcode-id-b2908faa4a4c4134a30ddc5dbb76bce4 .entry-title,\n.blog-shortcode.blog-list-shortcode-id-b2908faa4a4c4134a30ddc5dbb76bce4.owl-carousel .entry-title {\n  margin-bottom: 5px;\n  font-size: 15px;\n  line-height: 20px;\n  font-weight: bold;\n}\n.blog-shortcode.blog-list-shortcode-id-b2908faa4a4c4134a30ddc5dbb76bce4 .entry-meta {\n  margin-bottom: 15px;\n}\n.blog-shortcode.blog-list-shortcode-id-b2908faa4a4c4134a30ddc5dbb76bce4 .portfolio-categories {\n  margin-bottom: 15px;\n}\n.blog-shortcode.blog-list-shortcode-id-b2908faa4a4c4134a30ddc5dbb76bce4 .entry-excerpt {\n  margin-bottom: 5px;\n}\n.blog-shortcode.blog-list-shortcode-id-b2908faa4a4c4134a30ddc5dbb76bce4:not(.centered-layout-list) .post-entry-content {\n  padding: 25px 30px 30px 30px;\n}\n.blog-shortcode.blog-list-shortcode-id-b2908faa4a4c4134a30ddc5dbb76bce4:not(.centered-layout-list):not(.content-bg-on):not(.mode-list) .no-img .post-entry-content {\n  padding: 0;\n}\n@media screen and (max-width: 768px) {\n  .blog-shortcode.blog-list-shortcode-id-b2908faa4a4c4134a30ddc5dbb76bce4 article {\n    -ms-flex-flow: column nowrap;\n    flex-flow: column nowrap;\n    margin-top: 20px;\n  }\n  .blog-shortcode.blog-list-shortcode-id-b2908faa4a4c4134a30ddc5dbb76bce4.dividers-on article {\n    border: none;\n  }\n  .blog-shortcode.blog-list-shortcode-id-b2908faa4a4c4134a30ddc5dbb76bce4.content-bg-on.centered-layout-list article {\n    padding: 0;\n  }\n  .blog-shortcode.blog-list-shortcode-id-b2908faa4a4c4134a30ddc5dbb76bce4.blog-shortcode.dividers-on article,\n  .blog-shortcode.blog-list-shortcode-id-b2908faa4a4c4134a30ddc5dbb76bce4.dividers-on.classic-layout-list article {\n    margin-top: 20px;\n    padding: 0;\n  }\n  .blog-shortcode.blog-list-shortcode-id-b2908faa4a4c4134a30ddc5dbb76bce4.blog-shortcode.dividers-on article:first-of-type,\n  .blog-shortcode.blog-list-shortcode-id-b2908faa4a4c4134a30ddc5dbb76bce4.dividers-on.classic-layout-list article:first-of-type {\n    padding: 0;\n  }\n  #page .blog-shortcode.blog-list-shortcode-id-b2908faa4a4c4134a30ddc5dbb76bce4 .post-thumbnail-wrap,\n  #page .blog-shortcode.blog-list-shortcode-id-b2908faa4a4c4134a30ddc5dbb76bce4 .post-entry-content {\n    width: 100%;\n    margin: 0;\n    top: 0;\n  }\n  #page .blog-shortcode.blog-list-shortcode-id-b2908faa4a4c4134a30ddc5dbb76bce4 .post-thumbnail-wrap {\n    padding: 0;\n  }\n  #page .blog-shortcode.blog-list-shortcode-id-b2908faa4a4c4134a30ddc5dbb76bce4 .post-entry-content:after {\n    display: none;\n  }\n  #page .blog-shortcode.blog-list-shortcode-id-b2908faa4a4c4134a30ddc5dbb76bce4 .project-even .post-thumbnail-wrap,\n  #page .blog-shortcode.blog-list-shortcode-id-b2908faa4a4c4134a30ddc5dbb76bce4.centered-layout-list .post-thumbnail-wrap {\n    -ms-flex-order: 0;\n    order: 0;\n  }\n  #page .blog-shortcode.blog-list-shortcode-id-b2908faa4a4c4134a30ddc5dbb76bce4.centered-layout-list .post-entry-title-content {\n    -ms-flex-order: 1;\n    order: 1;\n    width: 100%;\n    padding: 20px 20px 0;\n  }\n  #page .blog-shortcode.blog-list-shortcode-id-b2908faa4a4c4134a30ddc5dbb76bce4.centered-layout-list .post-entry-content {\n    -ms-flex-order: 2;\n    order: 2;\n    padding-top: 0;\n  }\n  #page .blog-shortcode.blog-list-shortcode-id-b2908faa4a4c4134a30ddc5dbb76bce4 .fancy-categories {\n    top: 10px;\n    left: 10px;\n    bottom: auto;\n    right: auto;\n  }\n  #page .blog-shortcode.blog-list-shortcode-id-b2908faa4a4c4134a30ddc5dbb76bce4 .fancy-date a {\n    top: 10px;\n    right: 10px;\n    left: auto;\n    bottom: auto;\n  }\n  #page .blog-shortcode.blog-list-shortcode-id-b2908faa4a4c4134a30ddc5dbb76bce4 .post-entry-content {\n    padding: 20px;\n  }\n  #page .blog-shortcode.blog-list-shortcode-id-b2908faa4a4c4134a30ddc5dbb76bce4 .entry-title {\n    margin: 3px 0 5px;\n    font-size: 20px;\n    font-size: 15px;\n    line-height: 26px;\n    line-height: 20px;\n  }\n  #page .blog-shortcode.blog-list-shortcode-id-b2908faa4a4c4134a30ddc5dbb76bce4 .entry-meta {\n    margin: 5px 0 5px;\n  }\n  #page .blog-shortcode.blog-list-shortcode-id-b2908faa4a4c4134a30ddc5dbb76bce4 .entry-excerpt {\n    margin: 15px 0 0;\n  }\n  #page .blog-shortcode.blog-list-shortcode-id-b2908faa4a4c4134a30ddc5dbb76bce4 .post-details {\n    margin: 5px 0 10px;\n  }\n  #page .blog-shortcode.blog-list-shortcode-id-b2908faa4a4c4134a30ddc5dbb76bce4 .post-details.details-type-link {\n    margin-bottom: 2px;\n  }\n}\n<\/style><div class=\"articles-list blog-shortcode mode-list blog-list-shortcode-id-b2908faa4a4c4134a30ddc5dbb76bce4 classic-layout-list content-bg-on jquery-filter scale-img dt-icon-bg-off loading-effect-fade-in\" data-cur-page=\"1\" data-post-limit=\"-1\" data-pagination-mode=\"none\"><article class=\"post project-odd visible no-img post-1784 type-post status-publish format-standard hentry category-kulonoskozzetetelilista category-74 description-off\" data-name=\"Oszt\u00e1lyoz\u00f3, p\u00f3t \u00e9s jav\u00edt\u00f3 vizsga k\u00f6vetelm\u00e9nyek 2018\" data-date=\"2018-11-07T14:22:23+00:00\">\n\n<div class=\"post-entry-content\">\n\n\t<h3 class=\"entry-title\">\n\t\t<a href=\"https:\/\/szentgyorgyi.bszc.hu\/site\/2018\/11\/07\/javvizskov2018\/\" title=\"Oszt\u00e1lyoz\u00f3, p\u00f3t \u00e9s jav\u00edt\u00f3 vizsga k\u00f6vetelm\u00e9nyek 2018\" rel=\"bookmark\">Oszt\u00e1lyoz\u00f3, p\u00f3t \u00e9s jav\u00edt\u00f3 vizsga k\u00f6vetelm\u00e9nyek 2018<\/a>\n\t<\/h3>\n\n\t\n\t\n\t\n<\/div><\/article><article class=\"post project-odd visible no-img post-1630 type-post status-publish format-standard hentry category-kulonoskozzetetelilista category-74 description-off\" data-name=\"Adatv\u00e9delmi t\u00e1j\u00e9koztat\u00f3 az \u00e9retts\u00e9gi vizsg\u00e1ra jelentkez\u0151 szem\u00e9ly adatainak kezel\u00e9s\u00e9r\u0151l!\" data-date=\"2018-08-27T07:27:08+00:00\">\n\n<div class=\"post-entry-content\">\n\n\t<h3 class=\"entry-title\">\n\t\t<a href=\"https:\/\/szentgyorgyi.bszc.hu\/site\/2018\/08\/27\/adatvedelemerettsegiadatkezeles\/\" title=\"Adatv\u00e9delmi t\u00e1j\u00e9koztat\u00f3 az \u00e9retts\u00e9gi vizsg\u00e1ra jelentkez\u0151 szem\u00e9ly adatainak kezel\u00e9s\u00e9r\u0151l!\" rel=\"bookmark\">Adatv\u00e9delmi t\u00e1j\u00e9koztat\u00f3 az \u00e9retts\u00e9gi vizsg\u00e1ra jelentkez\u0151 szem\u00e9ly adatainak kezel\u00e9s\u00e9r\u0151l!<\/a>\n\t<\/h3>\n\n\t\n\t\n\t\n<\/div><\/article><article class=\"post project-odd visible no-img post-1388 type-post status-publish format-standard hentry category-kulonoskozzetetelilista category-74 description-off\" data-name=\"Szakgimn\u00e1ziumi kerettantervek 2016\" data-date=\"2017-01-04T09:34:34+00:00\">\n\n<div class=\"post-entry-content\">\n\n\t<h3 class=\"entry-title\">\n\t\t<a href=\"https:\/\/szentgyorgyi.bszc.hu\/site\/2017\/01\/04\/szakgim-kerettanterv2016\/\" title=\"Szakgimn\u00e1ziumi kerettantervek 2016\" rel=\"bookmark\">Szakgimn\u00e1ziumi kerettantervek 2016<\/a>\n\t<\/h3>\n\n\t\n\t\n\t\n<\/div><\/article><\/div>[\/vc_column][\/vc_row]<\/p>\n<\/div>","protected":false},"excerpt":{"rendered":"<p>[vc_row][vc_column][\/vc_column][\/vc_row]<\/p>\n","protected":false},"author":1,"featured_media":0,"parent":0,"menu_order":0,"comment_status":"closed","ping_status":"closed","template":"","meta":{"footnotes":""},"class_list":["post-2046","page","type-page","status-publish","hentry","description-off"],"rttpg_featured_image_url":null,"rttpg_author":{"display_name":"admin","author_link":"https:\/\/szentgyorgyi.bszc.hu\/site\/author\/admin\/"},"rttpg_comment":0,"rttpg_category":null,"rttpg_excerpt":"[vc_row][vc_column][\/vc_column][\/vc_row]","_links":{"self":[{"href":"https:\/\/szentgyorgyi.bszc.hu\/site\/wp-json\/wp\/v2\/pages\/2046","targetHints":{"allow":["GET"]}}],"collection":[{"href":"https:\/\/szentgyorgyi.bszc.hu\/site\/wp-json\/wp\/v2\/pages"}],"about":[{"href":"https:\/\/szentgyorgyi.bszc.hu\/site\/wp-json\/wp\/v2\/types\/page"}],"author":[{"embeddable":true,"href":"https:\/\/szentgyorgyi.bszc.hu\/site\/wp-json\/wp\/v2\/users\/1"}],"replies":[{"embeddable":true,"href":"https:\/\/szentgyorgyi.bszc.hu\/site\/wp-json\/wp\/v2\/comments?post=2046"}],"version-history":[{"count":6,"href":"https:\/\/szentgyorgyi.bszc.hu\/site\/wp-json\/wp\/v2\/pages\/2046\/revisions"}],"predecessor-version":[{"id":2052,"href":"https:\/\/szentgyorgyi.bszc.hu\/site\/wp-json\/wp\/v2\/pages\/2046\/revisions\/2052"}],"wp:attachment":[{"href":"https:\/\/szentgyorgyi.bszc.hu\/site\/wp-json\/wp\/v2\/media?parent=2046"}],"curies":[{"name":"wp","href":"https:\/\/api.w.org\/{rel}","templated":true}]}}