{"id":2042,"date":"2020-01-16T20:50:14","date_gmt":"2020-01-16T20:50:14","guid":{"rendered":"https:\/\/tkomlosi.hu\/szentgyorgyi\/?page_id=2042"},"modified":"2020-01-16T20:50:14","modified_gmt":"2020-01-16T20:50:14","slug":"menza","status":"publish","type":"page","link":"https:\/\/szentgyorgyi.bszc.hu\/site\/menza\/","title":{"rendered":"Menza"},"content":{"rendered":"<div class=\"wpb-content-wrapper\"><p>[vc_row][vc_column]<style type=\"text\/css\" data-type=\"the7_shortcodes-inline-css\">.blog-shortcode.blog-list-shortcode-id-a58859bd8c7b7afcec2af16c9c1b406c.dividers-on.classic-layout-list article {\n  margin-top: 50px;\n  padding-top: 0;\n}\n.blog-shortcode.blog-list-shortcode-id-a58859bd8c7b7afcec2af16c9c1b406c.dividers-on.classic-layout-list article:first-of-type {\n  margin-top: 0;\n  padding-top: 0;\n}\n.blog-shortcode.blog-list-shortcode-id-a58859bd8c7b7afcec2af16c9c1b406c.classic-layout-list.mode-list .post-thumbnail-wrap {\n  width: 50%;\n}\n.blog-shortcode.blog-list-shortcode-id-a58859bd8c7b7afcec2af16c9c1b406c.classic-layout-list.mode-list .post-entry-content {\n  width: calc(100% - 50%);\n}\n.blog-shortcode.blog-list-shortcode-id-a58859bd8c7b7afcec2af16c9c1b406c.classic-layout-list.mode-list .no-img .post-entry-content {\n  width: 100%;\n}\n.blog-shortcode.blog-list-shortcode-id-a58859bd8c7b7afcec2af16c9c1b406c .filter-bg-decoration .filter-categories a.act {\n  color: #fff;\n}\n.blog-shortcode.blog-list-shortcode-id-a58859bd8c7b7afcec2af16c9c1b406c:not(.mode-masonry) article {\n  margin-top: 50px;\n}\n.blog-shortcode.blog-list-shortcode-id-a58859bd8c7b7afcec2af16c9c1b406c:not(.mode-masonry) article:first-of-type,\n.blog-shortcode.blog-list-shortcode-id-a58859bd8c7b7afcec2af16c9c1b406c:not(.mode-masonry) article.visible.first:not(.product) {\n  margin-top: 0;\n}\n.blog-shortcode.blog-list-shortcode-id-a58859bd8c7b7afcec2af16c9c1b406c.dividers-on:not(.mode-masonry) article {\n  margin-top: 0;\n  padding-top: 50px;\n}\n.blog-shortcode.blog-list-shortcode-id-a58859bd8c7b7afcec2af16c9c1b406c.dividers-on:not(.mode-masonry) article:first-of-type,\n.blog-shortcode.blog-list-shortcode-id-a58859bd8c7b7afcec2af16c9c1b406c.dividers-on:not(.mode-masonry) article.visible.first:not(.product) {\n  margin-top: 0;\n  padding-top: 0;\n}\n.blog-shortcode.blog-list-shortcode-id-a58859bd8c7b7afcec2af16c9c1b406c .post-thumbnail-wrap {\n  padding: 0px 0px 0px 0px;\n}\n.blog-shortcode.blog-list-shortcode-id-a58859bd8c7b7afcec2af16c9c1b406c.enable-bg-rollover .post-thumbnail-rollover:after {\n  background: -webkit-linear-gradient();\n  background: linear-gradient();\n}\n.blog-shortcode.blog-list-shortcode-id-a58859bd8c7b7afcec2af16c9c1b406c .gallery-zoom-ico {\n  width: 44px;\n  height: 44px;\n  line-height: 44px;\n  border-radius: 100px;\n  margin: -22px 0 0 -22px;\n  border-width: 0px;\n  color: #ffffff;\n}\n.bottom-overlap-layout-list.blog-shortcode.blog-list-shortcode-id-a58859bd8c7b7afcec2af16c9c1b406c .gallery-zoom-ico {\n  margin-top: -22px;\n}\n.gradient-overlay-layout-list.blog-shortcode.blog-list-shortcode-id-a58859bd8c7b7afcec2af16c9c1b406c .gallery-zoom-ico,\n.content-rollover-layout-list.blog-shortcode.blog-list-shortcode-id-a58859bd8c7b7afcec2af16c9c1b406c .gallery-zoom-ico {\n  margin: 0 0 10px;\n}\n.content-align-center.gradient-overlay-layout-list.blog-shortcode.blog-list-shortcode-id-a58859bd8c7b7afcec2af16c9c1b406c .gallery-zoom-ico,\n.content-align-center.content-rollover-layout-list.blog-shortcode.blog-list-shortcode-id-a58859bd8c7b7afcec2af16c9c1b406c .gallery-zoom-ico {\n  margin: 0 auto 10px;\n}\n.dt-icon-bg-on.blog-shortcode.blog-list-shortcode-id-a58859bd8c7b7afcec2af16c9c1b406c .gallery-zoom-ico {\n  background: rgba(255,255,255,0.3);\n  box-shadow: none;\n}\n.blog-shortcode.blog-list-shortcode-id-a58859bd8c7b7afcec2af16c9c1b406c .gallery-zoom-ico > span,\n.blog-shortcode.blog-list-shortcode-id-a58859bd8c7b7afcec2af16c9c1b406c .gallery-zoom-ico:before {\n  font-size: 32px;\n  line-height: 44px;\n}\n.blog-shortcode.blog-list-shortcode-id-a58859bd8c7b7afcec2af16c9c1b406c .gallery-zoom-ico > span,\n.blog-shortcode.blog-list-shortcode-id-a58859bd8c7b7afcec2af16c9c1b406c .gallery-zoom-ico:before {\n  color: #ffffff;\n}\n.blog-shortcode.blog-list-shortcode-id-a58859bd8c7b7afcec2af16c9c1b406c .fancy-date a {\n  background: #ffffff;\n  box-shadow: none;\n}\n.blog-shortcode.blog-list-shortcode-id-a58859bd8c7b7afcec2af16c9c1b406c .fancy-date a * {\n  color: #2d2d2d;\n}\n.blog-shortcode.blog-list-shortcode-id-a58859bd8c7b7afcec2af16c9c1b406c .entry-title,\n.blog-shortcode.blog-list-shortcode-id-a58859bd8c7b7afcec2af16c9c1b406c.owl-carousel .entry-title {\n  margin-bottom: 5px;\n  font-weight: bold;\n}\n.blog-shortcode.blog-list-shortcode-id-a58859bd8c7b7afcec2af16c9c1b406c .entry-meta {\n  margin-bottom: 15px;\n}\n.blog-shortcode.blog-list-shortcode-id-a58859bd8c7b7afcec2af16c9c1b406c .portfolio-categories {\n  margin-bottom: 15px;\n}\n.blog-shortcode.blog-list-shortcode-id-a58859bd8c7b7afcec2af16c9c1b406c .entry-excerpt {\n  margin-bottom: 5px;\n}\n.blog-shortcode.blog-list-shortcode-id-a58859bd8c7b7afcec2af16c9c1b406c:not(.centered-layout-list) .post-entry-content {\n  padding: 25px 30px 30px 30px;\n}\n.blog-shortcode.blog-list-shortcode-id-a58859bd8c7b7afcec2af16c9c1b406c:not(.centered-layout-list):not(.content-bg-on):not(.mode-list) .no-img .post-entry-content {\n  padding: 0;\n}\n@media screen and (max-width: 768px) {\n  .blog-shortcode.blog-list-shortcode-id-a58859bd8c7b7afcec2af16c9c1b406c article {\n    -ms-flex-flow: column nowrap;\n    flex-flow: column nowrap;\n    margin-top: 20px;\n  }\n  .blog-shortcode.blog-list-shortcode-id-a58859bd8c7b7afcec2af16c9c1b406c.dividers-on article {\n    border: none;\n  }\n  .blog-shortcode.blog-list-shortcode-id-a58859bd8c7b7afcec2af16c9c1b406c.content-bg-on.centered-layout-list article {\n    padding: 0;\n  }\n  .blog-shortcode.blog-list-shortcode-id-a58859bd8c7b7afcec2af16c9c1b406c.blog-shortcode.dividers-on article,\n  .blog-shortcode.blog-list-shortcode-id-a58859bd8c7b7afcec2af16c9c1b406c.dividers-on.classic-layout-list article {\n    margin-top: 20px;\n    padding: 0;\n  }\n  .blog-shortcode.blog-list-shortcode-id-a58859bd8c7b7afcec2af16c9c1b406c.blog-shortcode.dividers-on article:first-of-type,\n  .blog-shortcode.blog-list-shortcode-id-a58859bd8c7b7afcec2af16c9c1b406c.dividers-on.classic-layout-list article:first-of-type {\n    padding: 0;\n  }\n  #page .blog-shortcode.blog-list-shortcode-id-a58859bd8c7b7afcec2af16c9c1b406c .post-thumbnail-wrap,\n  #page .blog-shortcode.blog-list-shortcode-id-a58859bd8c7b7afcec2af16c9c1b406c .post-entry-content {\n    width: 100%;\n    margin: 0;\n    top: 0;\n  }\n  #page .blog-shortcode.blog-list-shortcode-id-a58859bd8c7b7afcec2af16c9c1b406c .post-thumbnail-wrap {\n    padding: 0;\n  }\n  #page .blog-shortcode.blog-list-shortcode-id-a58859bd8c7b7afcec2af16c9c1b406c .post-entry-content:after {\n    display: none;\n  }\n  #page .blog-shortcode.blog-list-shortcode-id-a58859bd8c7b7afcec2af16c9c1b406c .project-even .post-thumbnail-wrap,\n  #page .blog-shortcode.blog-list-shortcode-id-a58859bd8c7b7afcec2af16c9c1b406c.centered-layout-list .post-thumbnail-wrap {\n    -ms-flex-order: 0;\n    order: 0;\n  }\n  #page .blog-shortcode.blog-list-shortcode-id-a58859bd8c7b7afcec2af16c9c1b406c.centered-layout-list .post-entry-title-content {\n    -ms-flex-order: 1;\n    order: 1;\n    width: 100%;\n    padding: 20px 20px 0;\n  }\n  #page .blog-shortcode.blog-list-shortcode-id-a58859bd8c7b7afcec2af16c9c1b406c.centered-layout-list .post-entry-content {\n    -ms-flex-order: 2;\n    order: 2;\n    padding-top: 0;\n  }\n  #page .blog-shortcode.blog-list-shortcode-id-a58859bd8c7b7afcec2af16c9c1b406c .fancy-categories {\n    top: 10px;\n    left: 10px;\n    bottom: auto;\n    right: auto;\n  }\n  #page .blog-shortcode.blog-list-shortcode-id-a58859bd8c7b7afcec2af16c9c1b406c .fancy-date a {\n    top: 10px;\n    right: 10px;\n    left: auto;\n    bottom: auto;\n  }\n  #page .blog-shortcode.blog-list-shortcode-id-a58859bd8c7b7afcec2af16c9c1b406c .post-entry-content {\n    padding: 20px;\n  }\n  #page .blog-shortcode.blog-list-shortcode-id-a58859bd8c7b7afcec2af16c9c1b406c .entry-title {\n    margin: 3px 0 5px;\n    font-size: 20px;\n    line-height: 26px;\n  }\n  #page .blog-shortcode.blog-list-shortcode-id-a58859bd8c7b7afcec2af16c9c1b406c .entry-meta {\n    margin: 5px 0 5px;\n  }\n  #page .blog-shortcode.blog-list-shortcode-id-a58859bd8c7b7afcec2af16c9c1b406c .entry-excerpt {\n    margin: 15px 0 0;\n  }\n  #page .blog-shortcode.blog-list-shortcode-id-a58859bd8c7b7afcec2af16c9c1b406c .post-details {\n    margin: 5px 0 10px;\n  }\n  #page .blog-shortcode.blog-list-shortcode-id-a58859bd8c7b7afcec2af16c9c1b406c .post-details.details-type-link {\n    margin-bottom: 2px;\n  }\n}\n<\/style><div class=\"articles-list blog-shortcode mode-list blog-list-shortcode-id-a58859bd8c7b7afcec2af16c9c1b406c classic-layout-list content-bg-on jquery-filter scale-img dt-icon-bg-off loading-effect-fade-in\" data-cur-page=\"1\" data-post-limit=\"-1\" data-pagination-mode=\"none\"><article class=\"post project-odd visible post-2978 type-post status-publish format-standard has-post-thumbnail hentry category-menza-ugyintezes category-61 description-off\" data-name=\"Menza \u00e9tkez\u00e9s ig\u00e9nyl\u0151 lapok\" data-date=\"2021-04-15T11:13:02+00:00\">\n\n<div class=\"post-thumbnail-wrap\">\n\t<div class=\"post-thumbnail\">\n\n\t\t\n\t\t\n\t\t<a href=\"https:\/\/szentgyorgyi.bszc.hu\/site\/2021\/04\/15\/menza-etkezes-igenylo-lapok\/\" class=\"post-thumbnail-rollover layzr-bg layzr-bg\" ><img decoding=\"async\" class=\"blog-thumb-lazy-load preload-me lazy-load aspect\" src=\"data:image\/svg+xml,%3Csvg%20xmlns%3D&#39;http%3A%2F%2Fwww.w3.org%2F2000%2Fsvg&#39;%20viewBox%3D&#39;0%200%20150%20100&#39;%2F%3E\" data-src=\"https:\/\/szentgyorgyi.bszc.hu\/site\/wp-content\/uploads\/2020\/01\/iskola-logo-150-1-e1579079575436-150x100.jpg\" data-srcset=\"https:\/\/szentgyorgyi.bszc.hu\/site\/wp-content\/uploads\/2020\/01\/iskola-logo-150-1-e1579079575436-150x100.jpg 150w, https:\/\/szentgyorgyi.bszc.hu\/site\/wp-content\/uploads\/2020\/01\/iskola-logo-150-1-e1579079575436-150x99.jpg 150w\" loading=\"eager\" style=\"--ratio: 150 \/ 100\" sizes=\"(max-width: 150px) 100vw, 150px\" alt=\"\" title=\"Sz-Gy-A_logo\" width=\"150\" height=\"100\"  \/><\/a>\n\t<\/div>\n<\/div>\n\n\n<div class=\"post-entry-content\">\n\n\t<h3 class=\"entry-title\">\n\t\t<a href=\"https:\/\/szentgyorgyi.bszc.hu\/site\/2021\/04\/15\/menza-etkezes-igenylo-lapok\/\" title=\"Menza \u00e9tkez\u00e9s ig\u00e9nyl\u0151 lapok\" rel=\"bookmark\">Menza \u00e9tkez\u00e9s ig\u00e9nyl\u0151 lapok<\/a>\n\t<\/h3>\n\n\t<div class=\"entry-meta\"><a href=\"https:\/\/szentgyorgyi.bszc.hu\/site\/2021\/04\/15\/\" title=\"11:13\" class=\"data-link\" rel=\"bookmark\"><time class=\"entry-date updated\" datetime=\"2021-04-15T11:13:02+00:00\">2021.04.15.<\/time><\/a><\/div>\n\t<div class=\"entry-excerpt\"><p>[vc_row][vc_column][vc_column_text css=&#8221;&#8221;]Menza \u00e9tkez\u00e9s ig\u00e9nyl\u00e9s\u00e9hez sz\u00fcks\u00e9ges dokumentumok koll\u00e9gist\u00e1knak: 1.sz. mell\u00e9klet &#8211; \u00e9tkez\u00e9s ig\u00e9nyl\u00e9se 3.sz..mell\u00e9klet Koll\u00e9gist\u00e1knak NYILATKOZAT- kedvezm\u00e9ny n\u00e9lk\u00fcli 4.sz. mell\u00e9klet &#8211; igazol\u00e1s nevel\u00e9sbe vett 5.sz. mell\u00e9klet Koll\u00e9gist\u00e1knak NYILATKOZAT- kedvezm\u00e9nyes 6.sz. mell\u00e9klet &#8211; nyilatkozat 3 vagy t\u00f6bb gyermek 7.sz. mell\u00e9klet &#8211; t\u00e9r\u00edt\u00e9si d\u00edj fizet\u00e9si m\u00f3d Nyilatkozat az \u00e9tkez\u00e9s LEMOND\u00c1S\u00c1R\u00d3L 2 T\u00e1j\u00e9koztat\u00f3 lev\u00e9l (al\u00e1\u00edrt) &nbsp; Menza \u00e9tkez\u00e9s ig\u00e9nyl\u00e9s\u00e9hez&hellip;<\/p>\n<\/div>\n\t\n<a href=\"https:\/\/szentgyorgyi.bszc.hu\/site\/2021\/04\/15\/menza-etkezes-igenylo-lapok\/\" class=\"post-details details-type-link\" aria-label=\"Read more about Menza \u00e9tkez\u00e9s ig\u00e9nyl\u0151 lapok\">Tov\u00e1bb<i class=\"dt-icon-the7-arrow-03\" aria-hidden=\"true\"><\/i><\/a>\n\n<\/div><\/article><\/div>[\/vc_column][\/vc_row]<\/p>\n<\/div>","protected":false},"excerpt":{"rendered":"<p>[vc_row][vc_column][\/vc_column][\/vc_row]<\/p>\n","protected":false},"author":1,"featured_media":0,"parent":0,"menu_order":0,"comment_status":"closed","ping_status":"closed","template":"","meta":{"footnotes":""},"class_list":["post-2042","page","type-page","status-publish","hentry","description-off"],"rttpg_featured_image_url":null,"rttpg_author":{"display_name":"admin","author_link":"https:\/\/szentgyorgyi.bszc.hu\/site\/author\/admin\/"},"rttpg_comment":0,"rttpg_category":null,"rttpg_excerpt":"[vc_row][vc_column][\/vc_column][\/vc_row]","_links":{"self":[{"href":"https:\/\/szentgyorgyi.bszc.hu\/site\/wp-json\/wp\/v2\/pages\/2042","targetHints":{"allow":["GET"]}}],"collection":[{"href":"https:\/\/szentgyorgyi.bszc.hu\/site\/wp-json\/wp\/v2\/pages"}],"about":[{"href":"https:\/\/szentgyorgyi.bszc.hu\/site\/wp-json\/wp\/v2\/types\/page"}],"author":[{"embeddable":true,"href":"https:\/\/szentgyorgyi.bszc.hu\/site\/wp-json\/wp\/v2\/users\/1"}],"replies":[{"embeddable":true,"href":"https:\/\/szentgyorgyi.bszc.hu\/site\/wp-json\/wp\/v2\/comments?post=2042"}],"version-history":[{"count":2,"href":"https:\/\/szentgyorgyi.bszc.hu\/site\/wp-json\/wp\/v2\/pages\/2042\/revisions"}],"predecessor-version":[{"id":2044,"href":"https:\/\/szentgyorgyi.bszc.hu\/site\/wp-json\/wp\/v2\/pages\/2042\/revisions\/2044"}],"wp:attachment":[{"href":"https:\/\/szentgyorgyi.bszc.hu\/site\/wp-json\/wp\/v2\/media?parent=2042"}],"curies":[{"name":"wp","href":"https:\/\/api.w.org\/{rel}","templated":true}]}}